{"id":41,"date":"2017-11-30T18:25:01","date_gmt":"2017-11-30T17:25:01","guid":{"rendered":"http:\/\/coindesfagnes.be\/?page_id=41"},"modified":"2025-12-01T17:15:34","modified_gmt":"2025-12-01T16:15:34","slug":"activites","status":"publish","type":"page","link":"https:\/\/coindesfagnes.be\/index.php\/activites\/","title":{"rendered":"Activit\u00e9s"},"content":{"rendered":"\n<figure class=\"wp-block-image\"><img loading=\"lazy\" decoding=\"async\" width=\"1296\" height=\"972\" src=\"https:\/\/coindesfagnes.be\/wp-content\/uploads\/2017\/11\/Fa\u00e7ade-ronde-1.png\" alt=\"\" class=\"wp-image-164\" srcset=\"https:\/\/coindesfagnes.be\/wp-content\/uploads\/2017\/11\/Fa\u00e7ade-ronde-1.png 1296w, https:\/\/coindesfagnes.be\/wp-content\/uploads\/2017\/11\/Fa\u00e7ade-ronde-1-300x225.png 300w, https:\/\/coindesfagnes.be\/wp-content\/uploads\/2017\/11\/Fa\u00e7ade-ronde-1-768x576.png 768w, https:\/\/coindesfagnes.be\/wp-content\/uploads\/2017\/11\/Fa\u00e7ade-ronde-1-1024x768.png 1024w, https:\/\/coindesfagnes.be\/wp-content\/uploads\/2017\/11\/Fa\u00e7ade-ronde-1-400x300.png 400w\" sizes=\"(max-width: 1296px) 100vw, 1296px\" \/><\/figure>\n\n\n<p><i>ADRESSES UTILES\u00a0:<\/i><\/p>\n<ul>\n<li>Ardenne-bleue couvre l\u2019est de la Wallonie son actualit\u00e9 et ses \u00e9v\u00e8nements. <a href=\"http:\/\/www.ardenne-bleue.be\">http:\/\/www.ardenne-bleue.be<\/a><\/li>\n<li>Centre Nature de Botrange ses activit\u00e9s et expositions naturel <a href=\"http:\/\/www.botrange.be\">http:\/\/www.botrange.be<\/a><\/li>\n<li>Maison du Tourisme du Pays des Sources de Spa. <a href=\"http:\/\/www.spatourisme.be\">http:\/\/www.spatourisme.be<\/a><\/li>\n<li>Office du tourisme de Jalhay Sart. <a href=\"http:\/\/www.tourismejalhaysart.be\">http:\/\/www.tourismejalhaysart.be<\/a><\/li>\n<li>Office du Tourisme des Cantons de l\u2019Est. <a href=\"http:\/\/www.walloniebelgiquetourisme.be\">http:\/\/www.walloniebelgiquetourisme.be<\/a><\/li>\n<li>Site officiel du circuit de Spa Francorchamps. <a href=\"http:\/\/www.spa-francorchamps.be\">http:\/\/www.spa-francorchamps.be<\/a><\/li>\n<\/ul>\n<p><i>ACTIVITES DANS LA REGION\u00a0:<\/i><\/p>\n<ul>\n<li>Un nombre incalculable de balades trac\u00e9es \u00e0 pied, \u00e0 v\u00e9lo, \u00e0 cheval, en voiture. (de 0 km \u00e0\u00a0\u2026\u2026\u2026 km)<\/li>\n<li>Le circuit de Spa Francorchamps en acteur ou en spectateur. (13 km) <a href=\"http:\/\/www.belgium-grand-prix.com\">http:\/\/www.belgium-grand-prix.com<\/a><\/li>\n<li>Le village de Jalhay avec son carnaval. (1 km) ainsi que tous les autres carnavals de la r\u00e9gion\u00a0: Eupen, Malm\u00e9dy, Stavelot etc..<\/li>\n<li>La ville de Spa avec ses Francofolies, ses mus\u00e9es, ses restaurants, son shopping, son golf, le domaine de Berinzenne, son grand prix de formule 1 et autres\u2026. (13 km) <a href=\"http:\/\/www.francofolies.be\">http:\/\/www.francofolies.be<\/a><\/li>\n<li>Les thermes de Spa soins bien \u00eatre et espace thermaux (12km) <a href=\"http:\/\/www.thermesdespa.com\">http:\/\/www.thermesdespa.com<\/a><\/li>\n<li>Les thermes de Chaudfontaines. (39 km) <a href=\"http:\/\/www.chateaudesthermes.be\">http:\/\/www.chateaudesthermes.be<\/a><\/li>\n<li>Forestia Theux La Reid, parc animalier, animaux de chez nous. Et parc d\u2019aventure avec diff\u00e9rents parcours dans les arbres adapt\u00e9s de 2 ans \u00e0 \u2026..\u00a0? super pour un family day. (15 km) <a href=\"http:\/\/www.forestia.be\">http:\/\/www.forestia.be<\/a><\/li>\n<li>Barrage de la Gileppe, accropark parcours dans les arbres, balade \u00e0 pied, v\u00e9lo et cal\u00e8che, plaine de jeux, restaurants, barrage infos et visite super pour un family day (4 km) <a href=\"http:\/\/www.gileppe.com\">http:\/\/www.gileppe.com<\/a><\/li>\n<li>Parc animalier du Monde Sauvage d\u2019Aywaille, et les grottes de Remouchamps (30 km) <a href=\"http:\/\/www.mondesauvage.be\">http:\/\/www.mondesauvage.be<\/a><\/li>\n<li>Le lac de Robertville, pour ses baignades, ses balades \u00e0 pied, \u00e0 v\u00e9lo et pour sa p\u00eache. (19 km) <a href=\"http:\/\/www.robertville.be\">http:\/\/www.robertville.be<\/a><\/li>\n<li>Le lac de Butgenbach et Berg, pour ses baignades, ses balades \u00e0 pied, v\u00e9lo et surtout ses sports nautiques, voile, cano\u00eb, planche \u00e0 voile. (30 km) <a href=\"http:\/\/www.butgenbach.info\">http:\/\/www.butgenbach.info<\/a><\/li>\n<li>Plopsa Coo, parc r\u00e9cr\u00e9atif. (27 km) <a href=\"http:\/\/www.plopsacoo.be\">http:\/\/www.plopsacoo.be<\/a><\/li>\n<li>Abbaye de Stavelot et ses mus\u00e9es. (24 km) <a href=\"http:\/\/www.abbayedestavelot.be\">http:\/\/www.abbayedestavelot.be<\/a><\/li>\n<li>Rail Bike des Hautes Fagnes \u00e0 Sourbroodt. (29 km) <a href=\"http:\/\/www.railbike.be\">http:\/\/www.railbike.be<\/a><\/li>\n<li>Mus\u00e9e de la bataille des Ardennes \u00ab\u00a0Baugnez 44\u00a0\u00bb (25 km) <a href=\"http:\/\/www.baugnez44.be\">http:\/\/www.baugnez44.be<\/a><\/li>\n<li>Parcours de ski de fond et ski alpin. (de 0 km \u00e0 \u2026\u2026..km) <a href=\"http:\/\/www.skier.be\">http:\/\/www.skier.be<\/a><\/li>\n<li>Et bien d\u2019autres encore.<\/li>\n<\/ul>","protected":false},"excerpt":{"rendered":"<p>ADRESSES UTILES\u00a0: Ardenne-bleue couvre l\u2019est de la Wallonie son actualit\u00e9 et ses \u00e9v\u00e8nements. http:\/\/www.ardenne-bleue.be Centre Nature de Botrange ses activit\u00e9s et expositions naturel http:\/\/www.botrange.be Maison du Tourisme du Pays des Sources de Spa. http:\/\/www.spatourisme.be Office du tourisme de Jalhay Sart. &hellip; <a href=\"https:\/\/coindesfagnes.be\/index.php\/activites\/\">Continuer la lecture <span class=\"meta-nav\">&rarr;<\/span><\/a><\/p>\n","protected":false},"author":1,"featured_media":0,"parent":0,"menu_order":0,"comment_status":"closed","ping_status":"closed","template":"","meta":{"footnotes":""},"_links":{"self":[{"href":"https:\/\/coindesfagnes.be\/index.php\/wp-json\/wp\/v2\/pages\/41"}],"collection":[{"href":"https:\/\/coindesfagnes.be\/index.php\/wp-json\/wp\/v2\/pages"}],"about":[{"href":"https:\/\/coindesfagnes.be\/index.php\/wp-json\/wp\/v2\/types\/page"}],"author":[{"embeddable":true,"href":"https:\/\/coindesfagnes.be\/index.php\/wp-json\/wp\/v2\/users\/1"}],"replies":[{"embeddable":true,"href":"https:\/\/coindesfagnes.be\/index.php\/wp-json\/wp\/v2\/comments?post=41"}],"version-history":[{"count":17,"href":"https:\/\/coindesfagnes.be\/index.php\/wp-json\/wp\/v2\/pages\/41\/revisions"}],"predecessor-version":[{"id":333,"href":"https:\/\/coindesfagnes.be\/index.php\/wp-json\/wp\/v2\/pages\/41\/revisions\/333"}],"wp:attachment":[{"href":"https:\/\/coindesfagnes.be\/index.php\/wp-json\/wp\/v2\/media?parent=41"}],"curies":[{"name":"wp","href":"https:\/\/api.w.org\/{rel}","templated":true}]}}