{"id":37,"date":"2017-11-30T18:16:58","date_gmt":"2017-11-30T17:16:58","guid":{"rendered":"http:\/\/coindesfagnes.be\/?page_id=37"},"modified":"2023-10-24T11:42:02","modified_gmt":"2023-10-24T09:42:02","slug":"accueil","status":"publish","type":"page","link":"https:\/\/coindesfagnes.be\/","title":{"rendered":"Accueil"},"content":{"rendered":"\n<figure class=\"wp-block-image\"><img loading=\"lazy\" decoding=\"async\" width=\"1296\" height=\"972\" src=\"https:\/\/coindesfagnes.be\/wp-content\/uploads\/2017\/11\/Fa\u00e7ade-ronde-1.png\" alt=\"\" class=\"wp-image-164\" srcset=\"https:\/\/coindesfagnes.be\/wp-content\/uploads\/2017\/11\/Fa\u00e7ade-ronde-1.png 1296w, https:\/\/coindesfagnes.be\/wp-content\/uploads\/2017\/11\/Fa\u00e7ade-ronde-1-300x225.png 300w, https:\/\/coindesfagnes.be\/wp-content\/uploads\/2017\/11\/Fa\u00e7ade-ronde-1-768x576.png 768w, https:\/\/coindesfagnes.be\/wp-content\/uploads\/2017\/11\/Fa\u00e7ade-ronde-1-1024x768.png 1024w, https:\/\/coindesfagnes.be\/wp-content\/uploads\/2017\/11\/Fa\u00e7ade-ronde-1-400x300.png 400w\" sizes=\"(max-width: 1296px) 100vw, 1296px\" \/><\/figure>\n\n\n<p>Dans une ferme r\u00e9nov\u00e9e de plus de 250 ans, situ\u00e9e au pied des Hautes Fagnes, dans la commune de Jalhay, nous vous proposons un g\u00eete pour \u00a06 personnes, reconnu CGT 3 \u00e9pis, dans un cadre bucolique et sans stress.<\/p>\n<p>Pour votre d\u00e9tente et celle de vos enfants vous avez \u00e0 votre disposition une grande terrasse ext\u00e9rieure am\u00e9nag\u00e9e dont une partie sous toit.\u00a0 Vous avez acc\u00e8s aux prairies et au bois travers\u00e9s par un ruisseau le \u00ab\u00a0Dison\u00a0\u00bb dans la propri\u00e9t\u00e9 m\u00eame.<\/p>\n<p>Pour nos amis cavaliers, le g\u00eete poss\u00e8de 6 box pour chevaux ainsi qu\u2019une piste et des paddocks.<\/p>\n<p><img loading=\"lazy\" decoding=\"async\" class=\"size-medium wp-image-67 aligncenter\" src=\"http:\/\/coindesfagnes.be\/wp-content\/uploads\/2017\/11\/jardin-2-300x225.jpg\" alt=\"\" width=\"300\" height=\"225\" srcset=\"https:\/\/coindesfagnes.be\/wp-content\/uploads\/2017\/11\/jardin-2-300x225.jpg 300w, https:\/\/coindesfagnes.be\/wp-content\/uploads\/2017\/11\/jardin-2-768x576.jpg 768w, https:\/\/coindesfagnes.be\/wp-content\/uploads\/2017\/11\/jardin-2-1024x768.jpg 1024w, https:\/\/coindesfagnes.be\/wp-content\/uploads\/2017\/11\/jardin-2-400x300.jpg 400w\" sizes=\"(max-width: 300px) 100vw, 300px\" \/><\/p>\n<p>Ce petit coin de paradis est \u00e0 partager en famille ou entre amis, durant un s\u00e9jour convivial, pour petits et grands, il vous offre une nature splendide qui regorge d\u2019activit\u00e9s en tous genres cliquer sur l\u2019onglet \u00ab\u00a0ACTIVITES\u00a0\u00bb<\/p>\n<p style=\"text-align: center;\"><b>Adresse\u00a0: <\/b><\/p>\n<p style=\"text-align: center;\">Route Moulin de Dison 140<\/p>\n<p style=\"text-align: center;\">4845\u00a0 \u00a0 Jalhay \u00a0\u00a0Belgique<\/p>\n<p style=\"text-align: center;\">T\u00e9l\u00e9phone\u00a0: (32)0476.964.049<\/p>\n<p style=\"text-align: center;\">TVA BE0787.486.877<\/p>\n<p style=\"text-align: center;\">Mail\u00a0: dominique@coindesfagnes.be<\/p>\n<p style=\"text-align: center;\"><div id=\"wpgmza_map\" class=\"wpgmza_map\" data-settings='{\"id\":\"1\",\"map_title\":\"My first map\",\"map_width\":\"100\",\"map_height\":\"400\",\"map_start_lat\":\"50.542895\",\"map_start_lng\":\"5.968876\",\"map_start_location\":\"50.5428945,5.968876099999989\",\"map_start_zoom\":\"10\",\"default_marker\":\"0\",\"type\":\"1\",\"alignment\":\"1\",\"directions_enabled\":\"1\",\"styling_enabled\":\"0\",\"styling_json\":\"\",\"active\":\"0\",\"kml\":\"\",\"bicycle\":\"0\",\"traffic\":\"0\",\"dbox\":\"1\",\"dbox_width\":\"100\",\"listmarkers\":\"0\",\"listmarkers_advanced\":\"0\",\"filterbycat\":\"0\",\"ugm_enabled\":\"0\",\"ugm_category_enabled\":\"0\",\"fusion\":\"\",\"map_width_type\":\"\\\\%\",\"map_height_type\":\"px\",\"mass_marker_support\":\"1\",\"ugm_access\":\"0\",\"order_markers_by\":\"1\",\"order_markers_choice\":\"2\",\"show_user_location\":\"0\",\"default_to\":\"\",\"other_settings\":{\"store_locator_enabled\":2,\"store_locator_distance\":2,\"store_locator_default_radius\":\"10\",\"store_locator_not_found_message\":\"No results found in this location. Please try again.\",\"store_locator_bounce\":1,\"store_locator_query_string\":\"Code Postal \\\/ Adresse\",\"store_locator_default_address\":\"\",\"wpgmza_store_locator_restrict\":\"\",\"map_max_zoom\":\"1\",\"transport_layer\":0,\"wpgmza_theme_data\":\"\",\"wpgmza_show_points_of_interest\":1}}' data-map-id='1' Data-maps-engine='' data-shortcode-attributes='{\"id\":\"1\"}' style=\"display:block; overflow:auto; width:100%; height:400px; float:left;\"><\/div><\/p>\n\n\n\n\n\n","protected":false},"excerpt":{"rendered":"<p>Dans une ferme r\u00e9nov\u00e9e de plus de 250 ans, situ\u00e9e au pied des Hautes Fagnes, dans la commune de Jalhay, nous vous proposons un g\u00eete pour \u00a06 personnes, reconnu CGT 3 \u00e9pis, dans un cadre bucolique et sans stress. Pour &hellip; <a href=\"https:\/\/coindesfagnes.be\/\">Continuer la lecture <span class=\"meta-nav\">&rarr;<\/span><\/a><\/p>\n","protected":false},"author":1,"featured_media":0,"parent":0,"menu_order":0,"comment_status":"closed","ping_status":"closed","template":"sidebar-page.php","meta":{"footnotes":""},"_links":{"self":[{"href":"https:\/\/coindesfagnes.be\/index.php\/wp-json\/wp\/v2\/pages\/37"}],"collection":[{"href":"https:\/\/coindesfagnes.be\/index.php\/wp-json\/wp\/v2\/pages"}],"about":[{"href":"https:\/\/coindesfagnes.be\/index.php\/wp-json\/wp\/v2\/types\/page"}],"author":[{"embeddable":true,"href":"https:\/\/coindesfagnes.be\/index.php\/wp-json\/wp\/v2\/users\/1"}],"replies":[{"embeddable":true,"href":"https:\/\/coindesfagnes.be\/index.php\/wp-json\/wp\/v2\/comments?post=37"}],"version-history":[{"count":17,"href":"https:\/\/coindesfagnes.be\/index.php\/wp-json\/wp\/v2\/pages\/37\/revisions"}],"predecessor-version":[{"id":315,"href":"https:\/\/coindesfagnes.be\/index.php\/wp-json\/wp\/v2\/pages\/37\/revisions\/315"}],"wp:attachment":[{"href":"https:\/\/coindesfagnes.be\/index.php\/wp-json\/wp\/v2\/media?parent=37"}],"curies":[{"name":"wp","href":"https:\/\/api.w.org\/{rel}","templated":true}]}}